{"id":494,"date":"2025-11-08T07:54:33","date_gmt":"2025-11-08T06:54:33","guid":{"rendered":"https:\/\/dev.parabureau.com\/snc\/?page_id=494"},"modified":"2026-02-26T13:27:23","modified_gmt":"2026-02-26T12:27:23","slug":"clanske-informacije","status":"publish","type":"page","link":"https:\/\/dev.parabureau.com\/snc\/drustvo\/clanske-informacije\/","title":{"rendered":"\u010clanske informacije"},"content":{"rendered":"<h3>Izvod iz Statuta Dru\u0161tva:<\/h3>\n<p><strong>\u010clanak 8.<\/strong><\/p>\n<p>Okupljaju\u0107i vreba\u010dku populaciju i sve one koji svoje vrijednosti mogu identificirati sa duhovnim, kulturnim i historijskim naslije\u0111em ovog podneblja, Dru\u0161tvo deklarira svoje temeljne ciljeve:<\/p>\n<ul>\n<li>O\u010duvanje i razvijanje nacionalnog identiteta<\/li>\n<li>O\u010duvanje i razvijanje kulturnih vrijednosti i sadr\u017eaja<\/li>\n<li>O\u010duvanje tradicije<\/li>\n<li>Za\u0161tita spomeni\u010dke i kulturne ba\u0161tine<\/li>\n<li>O\u010duvanje i razvijanje me\u0111unacionalnih i me\u0111ukulturalnih odnosa<\/li>\n<li>Razvijanje kulture tolerancije i razumjevanja u me\u0111uljudskim i me\u0111unacionalnim odnosima<\/li>\n<\/ul>\n<p><strong>\u010clanak 9.<\/strong><\/p>\n<p>Dru\u0161tvo sukladno ciljevima djeluje na podru\u010dju kulture i umjetnosti.<\/p>\n<p>Dru\u0161tvo svoju svrhu i ciljeve ostvaruje kroz slijede\u0107e djelatnosti:<\/p>\n<ul>\n<li>Obnavljanje knji\u017enice i \u010ditaonice.<\/li>\n<li>Organiziranje nacionalnih, me\u0111unacionalnih, multikulturnih i me\u0111unarodnih aktivnosti, doga\u0111anja, skupova i manifestacija:<\/li>\n<li>Javnih tribina i rasprava na podru\u010dju kulture, dru\u0161tvene tematike i sporta<\/li>\n<li>Stru\u010dnih, edukativnih, nau\u010dnih i drugih oblika suradnje<\/li>\n<li>Razvijanja i unapre\u0111ivanja multikulturalnosti i me\u0111unarodne kulturne, obrazovne, nau\u010dne i sportske suradnje<\/li>\n<li>Doprinos obnovi\u00a0 i odr\u017eivom razvoju vreba\u010dkog prostora<\/li>\n<li>Izdavanje stalnih i povremenih publikacija.<\/li>\n<\/ul>\n<p><strong>\u010clanak 10.<\/strong><\/p>\n<p>U svom djelovanju Dru\u0161tvo sura\u0111uje sa:<\/p>\n<ul>\n<li>organizacijama srpske nacionalne zajednice.<\/li>\n<li>kulturnim, odgojno-obrazovnim i znanstvenim organizacijama u zemlji i inozemstvu.<\/li>\n<li>organizacijama ostalih nacionalnih zajednica<\/li>\n<li>vjerskim organizacijama<\/li>\n<li>dr\u017eavnim tijelima i tijelima lokalne uprave i samouprave, te vladinim i nevladinim organizacijama i institucijama, kao i me\u0111unarodnim organizacijama i institucijama.<\/li>\n<\/ul>\n<p>\u2026<\/p>\n<p><strong>\u010clanak 12.<\/strong><\/p>\n<p>\u010clanom Dru\u0161tva mo\u017ee postati svaka fizi\u010dka i pravna osoba.<\/p>\n<p>\u010clanstvo mo\u017ee biti redovno, podupiraju\u0107e i po\u010dasno.<\/p>\n<p>Redovnim \u010dlanom Dru\u0161tva mo\u017ee postati svaka fizi\u010dka osoba koja je zainteresirana za rad Dru\u0161tva i pru\u017eanju doprinosa ostvarivanju ciljeva Dru\u0161tva, te prihva\u0107a odredbe Statuta.<\/p>\n<p>Redovnim \u010dlanom mo\u017ee postati i pravna osoba sa sjedi\u0161tem u Republici Hrvatskoj.<\/p>\n<p><strong>\u010clanak 13.<\/strong><\/p>\n<p>Redovni \u010dlanovi pla\u0107aju \u010dlanarinu u iznosu koji utvrdi Upravni odbor.<\/p>\n<p><strong>\u010clanak 14.\u00a0\u00a0\u00a0\u00a0\u00a0\u00a0\u00a0\u00a0\u00a0\u00a0\u00a0\u00a0\u00a0\u00a0\u00a0\u00a0\u00a0\u00a0\u00a0\u00a0\u00a0\u00a0\u00a0\u00a0\u00a0\u00a0\u00a0\u00a0\u00a0\u00a0\u00a0\u00a0\u00a0\u00a0\u00a0\u00a0\u00a0\u00a0\u00a0\u00a0\u00a0\u00a0\u00a0\u00a0\u00a0\u00a0\u00a0\u00a0\u00a0\u00a0\u00a0\u00a0\u00a0\u00a0\u00a0\u00a0\u00a0\u00a0\u00a0\u00a0\u00a0\u00a0\u00a0\u00a0\u00a0\u00a0\u00a0\u00a0\u00a0\u00a0\u00a0\u00a0\u00a0\u00a0\u00a0\u00a0\u00a0\u00a0\u00a0\u00a0 <\/strong><\/p>\n<p>Fizi\u010dka ili pravna osoba koja je zainteresirana za prijem u redovno \u010dlanstvo dru\u0161tva podnosi pisani zahtjev Upravnom odboru koji odlu\u010duje o prijemu u \u010dlanstvo.<\/p>\n<p>\u010clanom Dru\u0161tva postaje se danom dono\u0161enja odluke Upravnog odbora o prijemu u \u010dlanstvo.<\/p>\n<p>Redovni \u010dlanovi Dru\u0161tva potpisuju pristupnicu kojom se obavezuju na sudjelovanje u radu Dru\u0161tva, te po\u0161tivanju odredbi Statuta i drugih akata, kao i odluka njenih tijela.<\/p>\n<p>Za prijem u \u010dlanstvo Dru\u0161tva maloljetnika do 14 godina pristupnicu potpisuje roditelj\/staratelj, a za maloljetnike sa navr\u0161enih 14 godina roditelj\/staratelj daje pisanu suglasnost za u\u010dlanjivanje.<\/p>\n<p><strong>\u010clanak 15.<\/strong><\/p>\n<p>Upravni odbor mo\u017ee primiti u Dru\u0161tvo podupiraju\u0107e i po\u010dasne \u010dlanove Dru\u0161tva.<\/p>\n<p>Podupiraju\u0107i \u010dlanovi mogu biti fizi\u010dke i pravne osobe koje \u017eele pomagati Dru\u0161tvu u ostvarivanju njegovih ciljeva i provo\u0111enju djelatnosti za postizanje ciljeva.<\/p>\n<p>Doprinos podupiraju\u0107ih \u010dlanova mo\u017ee se realizirati na materijalni i nematerijalni na\u010din.<\/p>\n<p>Po\u010dasni \u010dlan Dru\u0161tva mo\u017ee postati osoba koja je osobnim radom i zalaganjem osobito pridonijela ostvarivanju ciljeva Dru\u0161tva.<\/p>\n<p>\u2026<\/p>\n<p><strong>\u010clanak 16.<\/strong><\/p>\n<p>Tajnik Dru\u0161tva vodi popis \u010dlanova.<\/p>\n<p>Popis \u010dlanova vodi se elektroni\u010dki i sadr\u017ei podatke o osobnom imenu (nazivu) \u010dlana, OIB-u, datumu ro\u0111enja, datumu pristupanja, kategoriji \u010dlanstva (redovni, podupiraju\u0107i, po\u010dasni), te datumu prestanka \u010dlanstva u Dru\u0161tvu.<\/p>\n<p>Popis \u010dlanova dostupan je na uvid svim \u010dlanovima Dru\u0161tva i nadle\u017enim tijelima, na njihov zahtjev.<\/p>\n<p><strong>\u010clanak 17.<\/strong><\/p>\n<p>Prava i du\u017enosti \u010dlanova Dru\u0161tva su:<\/p>\n<ul>\n<li>birati i biti biran u tijela upravljanja Dru\u0161tva<\/li>\n<li>u\u010destvovati u radu Dru\u0161tva \u010duvaju\u0107i i podi\u017eu\u0107i njegov ugled<\/li>\n<li>predlagati ideje u cilju ostvarivanja aktivnosti Dru\u0161tva<\/li>\n<li>zalagati se za izvr\u0161avanje ciljeva, programa i zadataka Dru\u0161tva<\/li>\n<li>\u010duvati materijala dobra i izvr\u0161avati preuzete obaveza<\/li>\n<li>pridr\u017eavati se odredbi ovog Statuta i drugih akata Dru\u0161tva<\/li>\n<li>biti informiran o aktivnostima Dru\u0161tva<\/li>\n<li>pla\u0107ati \u010dlanarinu<\/li>\n<\/ul>\n<p><strong>\u010clanak 18.<\/strong><\/p>\n<p>\u010clanstvo u Dru\u0161tvu prestaje:<\/p>\n<ul>\n<li>prestankom postojanja Dru\u0161tva,<\/li>\n<li>istupanjem,<\/li>\n<li>isklju\u010denjem,<\/li>\n<li>smr\u0107u \u010dlana.<\/li>\n<\/ul>\n<p>\u2026<\/p>\n<p><strong>\u010clanak 19.<\/strong><\/p>\n<p>\u010clanovi Dru\u0161tva preuzimaju obaveze i odgovornosti koje proizlaze iz zakona i drugih pravnih propisa, ovog Statuta i drugih akata Dru\u0161tva.<\/p>\n<p>\u010clanovi Dru\u0161tva disciplinski odgovaraju za povredu \u010dlanskih obaveza i odgovornosti:<\/p>\n<ul>\n<li>kr\u0161enje zakonskih o drugih obaveza u vezi djelovanja Dru\u0161tva<\/li>\n<li>nepo\u0161tivanja odredaba Statuta<\/li>\n<li>nepo\u0161tivanja odlika tijela upravljanja Dru\u0161tva<\/li>\n<li>neizvr\u0161avanje preuzetih obaveza<\/li>\n<li>neizvr\u0161avanje preuzetih obaveza zbog kojih je nastala materijalna \u0161teta Dru\u0161tvu<\/li>\n<li>nesavjesno i nezakonito raspolaganje imovinom Dru\u0161tva<\/li>\n<li>naru\u0161avanju ugleda Dru\u0161tva<\/li>\n<\/ul>\n<p><strong>\u010clanak 20.<\/strong><\/p>\n<p>Disciplinska odgovornost \u010dlanova utvr\u0111uje se u disciplinskom postupku.<\/p>\n<p>Disciplinski postupak mo\u017ee pokrenuti bilo koji \u010dlan Dru\u0161tva.<\/p>\n<p>Disciplinski postupak vodi i disciplinske mjere izri\u010de Upravni odbor.<\/p>\n<p>U disciplinskom postupku utvr\u0111uju se okolnosti uslijed kojih je do\u0161lo do povrede \u010dlanskih obaveza i odgovornosti, te\u017eina povrede i \u0161teta nastala za Dru\u0161tvo.<\/p>\n<p><strong>\u010clanak 21.<\/strong><\/p>\n<p>Za utvr\u0111enu povredu \u010dlanskih obaveza i odgovornosti mogu se izre\u0107i slijede\u0107e disciplinske mjere:<\/p>\n<ol>\n<li>opomena ili<\/li>\n<li>isklju\u010denje iz Dru\u0161tva<\/li>\n<\/ol>\n<p><strong>\u010clanak 22.<\/strong><\/p>\n<p>\u010clan Dru\u0161tva kojem je izre\u010dena disciplinska mjera isklju\u010denja iz Dru\u0161tva ima pravo u roku od 15 dana, ra\u010dunaju\u0107i od dana dostave odluke podnijeti \u017ealbu Skup\u0161tini Dru\u0161tva.<\/p>\n<p>Odluka Skup\u0161tine o isklju\u010denju je kona\u010dna.<\/p>\n<p><strong>\u010clanak 23.<\/strong><\/p>\n<p>Svaki \u010dlan Dru\u0161tva ima pravo pisanim putem upozoriti Upravni odbor ili Skup\u0161tinu Dru\u0161tva na nepo\u0161tivanje odredbi Statuta ili nepravilnosti u provo\u0111enju odluka tijela Dru\u0161tva.<\/p>\n<p>Svaki \u010dlan ima pravo pismene pritu\u017ebe na rad pojedinih \u010dlanova Dru\u0161tva.<\/p>\n<p>Na upozorenja i pritu\u017ebe \u010dlana Dru\u0161tva Upravni odbor du\u017ean je odgovoriti u roku od 30 dana od njihovog primitka.<\/p>\n","protected":false},"excerpt":{"rendered":"<p>Izvod iz Statuta Dru\u0161tva: \u010clanak 8. Okupljaju\u0107i vreba\u010dku populaciju i sve one koji svoje vrijednosti mogu identificirati sa duhovnim, kulturnim i historijskim naslije\u0111em ovog podneblja, Dru\u0161tvo deklarira svoje temeljne ciljeve: &#8230;<\/p>\n","protected":false},"author":1,"featured_media":0,"parent":485,"menu_order":5,"comment_status":"closed","ping_status":"closed","template":"","meta":{"_acf_changed":false,"inline_featured_image":false,"footnotes":""},"class_list":["post-494","page","type-page","status-publish","hentry"],"acf":[],"_links":{"self":[{"href":"https:\/\/dev.parabureau.com\/snc\/wp-json\/wp\/v2\/pages\/494","targetHints":{"allow":["GET"]}}],"collection":[{"href":"https:\/\/dev.parabureau.com\/snc\/wp-json\/wp\/v2\/pages"}],"about":[{"href":"https:\/\/dev.parabureau.com\/snc\/wp-json\/wp\/v2\/types\/page"}],"author":[{"embeddable":true,"href":"https:\/\/dev.parabureau.com\/snc\/wp-json\/wp\/v2\/users\/1"}],"replies":[{"embeddable":true,"href":"https:\/\/dev.parabureau.com\/snc\/wp-json\/wp\/v2\/comments?post=494"}],"version-history":[{"count":4,"href":"https:\/\/dev.parabureau.com\/snc\/wp-json\/wp\/v2\/pages\/494\/revisions"}],"predecessor-version":[{"id":3657,"href":"https:\/\/dev.parabureau.com\/snc\/wp-json\/wp\/v2\/pages\/494\/revisions\/3657"}],"up":[{"embeddable":true,"href":"https:\/\/dev.parabureau.com\/snc\/wp-json\/wp\/v2\/pages\/485"}],"wp:attachment":[{"href":"https:\/\/dev.parabureau.com\/snc\/wp-json\/wp\/v2\/media?parent=494"}],"curies":[{"name":"wp","href":"https:\/\/api.w.org\/{rel}","templated":true}]}}